{"id":2,"date":"2023-07-05T14:06:58","date_gmt":"2023-07-05T12:06:58","guid":{"rendered":"https:\/\/dsgsl.com\/blog\/?page_id=2"},"modified":"2023-07-06T10:09:33","modified_gmt":"2023-07-06T08:09:33","slug":"pagina-ejemplo","status":"publish","type":"page","link":"https:\/\/dsgsl.com\/blog\/","title":{"rendered":"Blog"},"content":{"rendered":"<div class=\"banner-titular blog\" style=\"background-image:url(\/blog\/wp-content\/uploads\/2023\/07\/blog.png);\">\t<div class=\"vc_container\">\t\t<div class=\"texto\">\t\t\t<h1>Nuestro Blog<\/h1>\t\t<\/div>\t<\/div><\/div><div class=\"vc_container\">\t<div class=\"bloque-blog\">\t\t<div class=\"menu-categorias\"><ul><li class=\"activo\"><a href=\"https:\/\/dsgsl.com\/blog\/\">Todos<\/a><\/li><li class=\"\"><a href=\"https:\/\/dsgsl.com\/blog\/?cat_blog=25\">Ferias inmobiliarias<\/a><\/li><li class=\"\"><a href=\"https:\/\/dsgsl.com\/blog\/?cat_blog=28\">Proceso de compra\/venta<\/a><\/li><li class=\"\"><a href=\"https:\/\/dsgsl.com\/blog\/?cat_blog=27\">Promociones<\/a><\/li><\/ul><\/div>\t\t<div class=\"listado_noticias\"><div class=\"bloque actualidad\"><div class=\"row actualidad destacados\"><div class=\"col-sm-6 item\"><a href=\"https:\/\/dsgsl.com\/blog\/dsg-homes-miembro-de-aipp-activos-internacionales\/\"><div class=\"imagen\"><img decoding=\"async\" src=\"https:\/\/dsgsl.com\/blog\/wp-content\/uploads\/2026\/03\/DSG-HOMES-MIEMBRO-DE-AIPP-768x464.jpg\" alt=\"DSG HOMES MIEMBRO DE AIPP, ACTIVOS INTERNACIONALES\"><\/div><p class=\"titulo\">DSG HOMES MIEMBRO DE AIPP, ACTIVOS INTERNACIONALES<\/p><p class=\"resumen\">Hace tan solo unos d\u00edas recib\u00edamos la noticia del mes y de las m\u00e1s importantes del a\u00f1o.\u00a0DSG Homes miembro de AIPP, uno de los organismos internacionales para la venta de propiedades en el extranjero. &nbsp; DSG HOMES MIEMBRO DE AIPP: Establecido en Londres en 2006,\u00a0AIPP\u00a0(Association of International Property Professionals) es el organismo de comercio para [&hellip;]<\/p><div class=\"boton\">Leer m\u00e1s<\/div><\/a><\/div><div class=\"col-sm-6 item\"><a href=\"https:\/\/dsgsl.com\/blog\/dsg-homes-y-hacienda-del-alamo-a-place-in-the-sun\/\"><div class=\"imagen\"><img decoding=\"async\" src=\"https:\/\/dsgsl.com\/blog\/wp-content\/uploads\/2026\/03\/DSG-Homes-y-Hacienda-del-Alamo.jpg\" alt=\"DSG HOMES Y HACIENDA DEL ALAMO A PLACE IN THE SUN\"><\/div><p class=\"titulo\">DSG HOMES Y HACIENDA DEL ALAMO A PLACE IN THE SUN<\/p><p class=\"resumen\">DSG Homes y Hacienda del \u00c1lamo presentes en a Place In The Sun, una de las Ferias Inmobiliarias m\u00e1s importantes del panorama internacional. De esta forma,\u00a0DSG Homes\u00a0mantiene su apuesta por los mercados internacionales, especialmente, en este caso, el mercado brit\u00e1nico. La empresa DSG Homes, Oficial Key Holder Manager de Hacienda del \u00c1lamo Golf Resort estuvo [&hellip;]<\/p><div class=\"boton\">Leer m\u00e1s<\/div><\/a><\/div><\/div><div class=\"row actualidad\"><div class=\"col-sm-4 item\"><a href=\"https:\/\/dsgsl.com\/blog\/nueva-seccion-de-la-web-blog-inmobiliario\/\"><div class=\"imagen\"><img decoding=\"async\" src=\"https:\/\/dsgsl.com\/blog\/wp-content\/uploads\/2026\/03\/BLOG-INMOBILIARIO-768x480.jpeg\" alt=\"NUEVA SECCI\u00d3N DE LA WEB: BLOG INMOBILIARIO\"><\/div><p class=\"titulo\">NUEVA SECCI\u00d3N DE LA WEB: BLOG INMOBILIARIO<\/p><p class=\"resumen\">Cuando comenzamos el proyecto DSG Homes quisimos convertirnos en una\u00a0inmobiliaria diferente. Para ello, no solo nos planteamos ofrecer una extensa cartera de inmuebles de primera calidad, una atenci\u00f3n personalizada y un servicio sobresaliente. Para ello, una de las herramientas muy importantes para nosotros ha sido la de emprender un proyecto blog inmobiliario con el que [&hellip;]<\/p><div class=\"boton\">Leer m\u00e1s<\/div><\/a><\/div><\/div>\t\t<\/div><\/div>\t<\/div><\/div>\n","protected":false},"excerpt":{"rendered":"","protected":false},"author":1,"featured_media":0,"parent":0,"menu_order":0,"comment_status":"closed","ping_status":"open","template":"","meta":{"_acf_changed":false,"footnotes":""},"class_list":["post-2","page","type-page","status-publish","hentry"],"acf":false,"yoast_head":"<!-- This site is optimized with the Yoast SEO plugin v27.3 - https:\/\/yoast.com\/product\/yoast-seo-wordpress\/ -->\n<title>Blog - Dawn Smith Group<\/title>\n<meta name=\"robots\" content=\"index, follow, max-snippet:-1, max-image-preview:large, max-video-preview:-1\" \/>\n<link rel=\"canonical\" href=\"https:\/\/dsgsl.com\/blog\/\" \/>\n<meta property=\"og:locale\" content=\"es_ES\" \/>\n<meta property=\"og:type\" content=\"article\" \/>\n<meta property=\"og:title\" content=\"Blog - Dawn Smith Group\" \/>\n<meta property=\"og:url\" content=\"https:\/\/dsgsl.com\/blog\/\" \/>\n<meta property=\"og:site_name\" content=\"Dawn Smith Group\" \/>\n<meta property=\"article:modified_time\" content=\"2023-07-06T08:09:33+00:00\" \/>\n<meta name=\"twitter:card\" content=\"summary_large_image\" \/>\n<meta name=\"twitter:label1\" content=\"Tiempo de lectura\" \/>\n\t<meta name=\"twitter:data1\" content=\"1 minuto\" \/>\n<script type=\"application\/ld+json\" class=\"yoast-schema-graph\">{\"@context\":\"https:\\\/\\\/schema.org\",\"@graph\":[{\"@type\":\"WebPage\",\"@id\":\"https:\\\/\\\/dsgsl.com\\\/blog\\\/\",\"url\":\"https:\\\/\\\/dsgsl.com\\\/blog\\\/\",\"name\":\"Blog - Dawn Smith Group\",\"isPartOf\":{\"@id\":\"https:\\\/\\\/dsgsl.com\\\/blog\\\/#website\"},\"datePublished\":\"2023-07-05T12:06:58+00:00\",\"dateModified\":\"2023-07-06T08:09:33+00:00\",\"breadcrumb\":{\"@id\":\"https:\\\/\\\/dsgsl.com\\\/blog\\\/#breadcrumb\"},\"inLanguage\":\"es\",\"potentialAction\":[{\"@type\":\"ReadAction\",\"target\":[\"https:\\\/\\\/dsgsl.com\\\/blog\\\/\"]}]},{\"@type\":\"BreadcrumbList\",\"@id\":\"https:\\\/\\\/dsgsl.com\\\/blog\\\/#breadcrumb\",\"itemListElement\":[{\"@type\":\"ListItem\",\"position\":1,\"name\":\"Portada\",\"item\":\"https:\\\/\\\/dsgsl.com\\\/blog\\\/\"},{\"@type\":\"ListItem\",\"position\":2,\"name\":\"Blog\"}]},{\"@type\":\"WebSite\",\"@id\":\"https:\\\/\\\/dsgsl.com\\\/blog\\\/#website\",\"url\":\"https:\\\/\\\/dsgsl.com\\\/blog\\\/\",\"name\":\"Dawn Smith Group\",\"description\":\"\",\"potentialAction\":[{\"@type\":\"SearchAction\",\"target\":{\"@type\":\"EntryPoint\",\"urlTemplate\":\"https:\\\/\\\/dsgsl.com\\\/blog\\\/?s={search_term_string}\"},\"query-input\":{\"@type\":\"PropertyValueSpecification\",\"valueRequired\":true,\"valueName\":\"search_term_string\"}}],\"inLanguage\":\"es\"}]}<\/script>\n<!-- \/ Yoast SEO plugin. -->","yoast_head_json":{"title":"Blog - Dawn Smith Group","robots":{"index":"index","follow":"follow","max-snippet":"max-snippet:-1","max-image-preview":"max-image-preview:large","max-video-preview":"max-video-preview:-1"},"canonical":"https:\/\/dsgsl.com\/blog\/","og_locale":"es_ES","og_type":"article","og_title":"Blog - Dawn Smith Group","og_url":"https:\/\/dsgsl.com\/blog\/","og_site_name":"Dawn Smith Group","article_modified_time":"2023-07-06T08:09:33+00:00","twitter_card":"summary_large_image","twitter_misc":{"Tiempo de lectura":"1 minuto"},"schema":{"@context":"https:\/\/schema.org","@graph":[{"@type":"WebPage","@id":"https:\/\/dsgsl.com\/blog\/","url":"https:\/\/dsgsl.com\/blog\/","name":"Blog - Dawn Smith Group","isPartOf":{"@id":"https:\/\/dsgsl.com\/blog\/#website"},"datePublished":"2023-07-05T12:06:58+00:00","dateModified":"2023-07-06T08:09:33+00:00","breadcrumb":{"@id":"https:\/\/dsgsl.com\/blog\/#breadcrumb"},"inLanguage":"es","potentialAction":[{"@type":"ReadAction","target":["https:\/\/dsgsl.com\/blog\/"]}]},{"@type":"BreadcrumbList","@id":"https:\/\/dsgsl.com\/blog\/#breadcrumb","itemListElement":[{"@type":"ListItem","position":1,"name":"Portada","item":"https:\/\/dsgsl.com\/blog\/"},{"@type":"ListItem","position":2,"name":"Blog"}]},{"@type":"WebSite","@id":"https:\/\/dsgsl.com\/blog\/#website","url":"https:\/\/dsgsl.com\/blog\/","name":"Dawn Smith Group","description":"","potentialAction":[{"@type":"SearchAction","target":{"@type":"EntryPoint","urlTemplate":"https:\/\/dsgsl.com\/blog\/?s={search_term_string}"},"query-input":{"@type":"PropertyValueSpecification","valueRequired":true,"valueName":"search_term_string"}}],"inLanguage":"es"}]}},"_links":{"self":[{"href":"https:\/\/dsgsl.com\/blog\/wp-json\/wp\/v2\/pages\/2","targetHints":{"allow":["GET"]}}],"collection":[{"href":"https:\/\/dsgsl.com\/blog\/wp-json\/wp\/v2\/pages"}],"about":[{"href":"https:\/\/dsgsl.com\/blog\/wp-json\/wp\/v2\/types\/page"}],"author":[{"embeddable":true,"href":"https:\/\/dsgsl.com\/blog\/wp-json\/wp\/v2\/users\/1"}],"replies":[{"embeddable":true,"href":"https:\/\/dsgsl.com\/blog\/wp-json\/wp\/v2\/comments?post=2"}],"version-history":[{"count":5,"href":"https:\/\/dsgsl.com\/blog\/wp-json\/wp\/v2\/pages\/2\/revisions"}],"predecessor-version":[{"id":30,"href":"https:\/\/dsgsl.com\/blog\/wp-json\/wp\/v2\/pages\/2\/revisions\/30"}],"wp:attachment":[{"href":"https:\/\/dsgsl.com\/blog\/wp-json\/wp\/v2\/media?parent=2"}],"curies":[{"name":"wp","href":"https:\/\/api.w.org\/{rel}","templated":true}]}}